{"id":60,"date":"2021-02-08T14:26:14","date_gmt":"2021-02-08T14:26:14","guid":{"rendered":"https:\/\/www.ardemirendustriyel.com.tr\/w\/?page_id=60"},"modified":"2022-01-02T20:53:14","modified_gmt":"2022-01-02T20:53:14","slug":"iletisim","status":"publish","type":"page","link":"https:\/\/www.ardemirendustriyel.com.tr\/w\/iletisim\/","title":{"rendered":"\u0130leti\u015fim"},"content":{"rendered":"<p>[et_pb_section fb_built=&#8221;1&#8243; _builder_version=&#8221;4.14.2&#8243; hover_enabled=&#8221;0&#8243; global_colors_info=&#8221;{}&#8221; theme_builder_area=&#8221;post_content&#8221; width=&#8221;100%&#8221; max_width=&#8221;100%&#8221; sticky_enabled=&#8221;0&#8243; custom_padding=&#8221;3px||12px|||&#8221; background_color=&#8221;RGBA(255,255,255,0)&#8221;][et_pb_row _builder_version=&#8221;4.14.2&#8243; background_size=&#8221;initial&#8221; background_position=&#8221;top_left&#8221; background_repeat=&#8221;repeat&#8221; hover_enabled=&#8221;0&#8243; global_colors_info=&#8221;{}&#8221; column_structure=&#8221;2_5,3_5&#8243; theme_builder_area=&#8221;post_content&#8221; width=&#8221;100%&#8221; max_width=&#8221;100%&#8221; sticky_enabled=&#8221;0&#8243;][et_pb_column type=&#8221;2_5&#8243; _builder_version=&#8221;3.25&#8243; custom_padding=&#8221;|||&#8221; global_colors_info=&#8221;{}&#8221; custom_padding__hover=&#8221;|||&#8221; theme_builder_area=&#8221;post_content&#8221;][et_pb_text _builder_version=&#8221;3.27.4&#8243; background_size=&#8221;initial&#8221; background_position=&#8221;top_left&#8221; background_repeat=&#8221;repeat&#8221; global_colors_info=&#8221;{}&#8221; theme_builder_area=&#8221;post_content&#8221; custom_margin=&#8221;-25px|||||&#8221;]<!-- divi:columns --><\/p>\n<div class=\"wp-block-columns\"><!-- divi:column {\"width\":\"33.33%\"} --><\/p>\n<div class=\"wp-block-column\" style=\"flex-basis:33.33%\"><!-- divi:paragraph {\"fontFamily\":\"Oswald\"} --><\/p>\n<p class=\"has-custom-font\" style=\"font-family:Oswald\"><strong>HACET MAH. ALA\u0130YE CAD. ERGENLER APT. NO:48\/A<br \/>ALANYA<br \/>ANTALYA<br \/>07400<br \/>T\u00dcRK\u0130YE<\/strong><\/p>\n<p><!-- \/divi:paragraph --><\/p>\n<p><!-- divi:paragraph {\"fontFamily\":\"Oswald\"} --><\/p>\n<p class=\"has-custom-font\" style=\"font-family:Oswald\"><strong>Telefon: <a data-type=\"tel\" data-id=\"tel:+90 242 513 44 28\" href=\"tel:+90 242 513 44 28\">0242 513 44 28<\/a><\/strong><\/p>\n<p><!-- \/divi:paragraph --><\/p>\n<p><!-- divi:paragraph {\"fontFamily\":\"Oswald\"} --><\/p>\n<p class=\"has-custom-font\" style=\"font-family:Oswald\">Mobil Telefon: <strong><a data-type=\"tel\" data-id=\"tel: +90530 930 50 03\" href=\"tel: +90530 930 50 03\">0530 930 50 03<\/a><\/strong><\/p>\n<p><!-- \/divi:paragraph --><\/p>\n<p><!-- divi:paragraph --><\/p>\n<p><!-- \/divi:paragraph --><\/div>\n<p><!-- \/divi:column --><\/p>\n<p><!-- divi:column {\"width\":\"66.66%\"} --><\/p>\n<div class=\"wp-block-column\" style=\"flex-basis:66.66%\"><!-- divi:ninja-forms\/form {\"formID\":1,\"formTitle\":\"\u0130leti\u015fim\"} \/--><\/div>\n<p><!-- \/divi:column --><\/div>\n<p><!-- \/divi:columns -->[\/et_pb_text][\/et_pb_column][et_pb_column type=&#8221;3_5&#8243; _builder_version=&#8221;3.25&#8243; custom_padding=&#8221;|||&#8221; global_colors_info=&#8221;{}&#8221; custom_padding__hover=&#8221;|||&#8221; theme_builder_area=&#8221;post_content&#8221;][et_pb_contact_form _builder_version=&#8221;4.14.2&#8243; _module_preset=&#8221;default&#8221; _unique_id=&#8221;4589c150-2b60-4a4d-a684-434a0fe633b2&#8243; theme_builder_area=&#8221;post_content&#8221; form_field_background_color=&#8221;#0C71C3&#8243; hover_enabled=&#8221;0&#8243; sticky_enabled=&#8221;0&#8243;][et_pb_contact_field field_id=&#8221;Name&#8221; field_title=&#8221;\u0130sim&#8221; _builder_version=&#8221;3.16&#8243; global_colors_info=&#8221;{}&#8221; button_text_size__hover_enabled=&#8221;off&#8221; button_one_text_size__hover_enabled=&#8221;off&#8221; button_two_text_size__hover_enabled=&#8221;off&#8221; button_text_color__hover_enabled=&#8221;off&#8221; button_one_text_color__hover_enabled=&#8221;off&#8221; button_two_text_color__hover_enabled=&#8221;off&#8221; button_border_width__hover_enabled=&#8221;off&#8221; button_one_border_width__hover_enabled=&#8221;off&#8221; button_two_border_width__hover_enabled=&#8221;off&#8221; button_border_color__hover_enabled=&#8221;off&#8221; button_one_border_color__hover_enabled=&#8221;off&#8221; button_two_border_color__hover_enabled=&#8221;off&#8221; button_border_radius__hover_enabled=&#8221;off&#8221; button_one_border_radius__hover_enabled=&#8221;off&#8221; button_two_border_radius__hover_enabled=&#8221;off&#8221; button_letter_spacing__hover_enabled=&#8221;off&#8221; button_one_letter_spacing__hover_enabled=&#8221;off&#8221; button_two_letter_spacing__hover_enabled=&#8221;off&#8221; button_bg_color__hover_enabled=&#8221;off&#8221; button_one_bg_color__hover_enabled=&#8221;off&#8221; button_two_bg_color__hover_enabled=&#8221;off&#8221; theme_builder_area=&#8221;post_content&#8221;][\/et_pb_contact_field][et_pb_contact_field field_id=&#8221;Email&#8221; field_title=&#8221;E-posta adresi&#8221; field_type=&#8221;email&#8221; _builder_version=&#8221;3.16&#8243; global_colors_info=&#8221;{}&#8221; button_text_size__hover_enabled=&#8221;off&#8221; button_one_text_size__hover_enabled=&#8221;off&#8221; button_two_text_size__hover_enabled=&#8221;off&#8221; button_text_color__hover_enabled=&#8221;off&#8221; button_one_text_color__hover_enabled=&#8221;off&#8221; button_two_text_color__hover_enabled=&#8221;off&#8221; button_border_width__hover_enabled=&#8221;off&#8221; button_one_border_width__hover_enabled=&#8221;off&#8221; button_two_border_width__hover_enabled=&#8221;off&#8221; button_border_color__hover_enabled=&#8221;off&#8221; button_one_border_color__hover_enabled=&#8221;off&#8221; button_two_border_color__hover_enabled=&#8221;off&#8221; button_border_radius__hover_enabled=&#8221;off&#8221; button_one_border_radius__hover_enabled=&#8221;off&#8221; button_two_border_radius__hover_enabled=&#8221;off&#8221; button_letter_spacing__hover_enabled=&#8221;off&#8221; button_one_letter_spacing__hover_enabled=&#8221;off&#8221; button_two_letter_spacing__hover_enabled=&#8221;off&#8221; button_bg_color__hover_enabled=&#8221;off&#8221; button_one_bg_color__hover_enabled=&#8221;off&#8221; button_two_bg_color__hover_enabled=&#8221;off&#8221; theme_builder_area=&#8221;post_content&#8221;][\/et_pb_contact_field][et_pb_contact_field field_id=&#8221;Message&#8221; field_title=&#8221;Mesaj&#8221; field_type=&#8221;text&#8221; fullwidth_field=&#8221;on&#8221; _builder_version=&#8221;3.16&#8243; global_colors_info=&#8221;{}&#8221; button_text_size__hover_enabled=&#8221;off&#8221; button_one_text_size__hover_enabled=&#8221;off&#8221; button_two_text_size__hover_enabled=&#8221;off&#8221; button_text_color__hover_enabled=&#8221;off&#8221; button_one_text_color__hover_enabled=&#8221;off&#8221; button_two_text_color__hover_enabled=&#8221;off&#8221; button_border_width__hover_enabled=&#8221;off&#8221; button_one_border_width__hover_enabled=&#8221;off&#8221; button_two_border_width__hover_enabled=&#8221;off&#8221; button_border_color__hover_enabled=&#8221;off&#8221; button_one_border_color__hover_enabled=&#8221;off&#8221; button_two_border_color__hover_enabled=&#8221;off&#8221; button_border_radius__hover_enabled=&#8221;off&#8221; button_one_border_radius__hover_enabled=&#8221;off&#8221; button_two_border_radius__hover_enabled=&#8221;off&#8221; button_letter_spacing__hover_enabled=&#8221;off&#8221; button_one_letter_spacing__hover_enabled=&#8221;off&#8221; button_two_letter_spacing__hover_enabled=&#8221;off&#8221; button_bg_color__hover_enabled=&#8221;off&#8221; button_one_bg_color__hover_enabled=&#8221;off&#8221; button_two_bg_color__hover_enabled=&#8221;off&#8221; theme_builder_area=&#8221;post_content&#8221;][\/et_pb_contact_field][\/et_pb_contact_form][\/et_pb_column][\/et_pb_row][et_pb_row _builder_version=&#8221;4.14.2&#8243; _module_preset=&#8221;default&#8221; theme_builder_area=&#8221;post_content&#8221;][et_pb_column _builder_version=&#8221;4.14.2&#8243; _module_preset=&#8221;default&#8221; type=&#8221;4_4&#8243; theme_builder_area=&#8221;post_content&#8221;][et_pb_code _builder_version=&#8221;4.14.2&#8243; _module_preset=&#8221;default&#8221; theme_builder_area=&#8221;post_content&#8221; hover_enabled=&#8221;0&#8243; sticky_enabled=&#8221;0&#8243; custom_margin=&#8221;-17px|||||&#8221;]<iframe loading=\"lazy\" src=\"https:\/\/www.google.com\/maps\/embed?pb=!1m18!1m12!1m3!1d3205.11942560109!2d32.00306531463256!3d36.551233289375475!2m3!1f0!2f0!3f0!3m2!1i1024!2i768!4f13.1!3m3!1m2!1s0x14dc987c75614051%3A0x9f046535665eb10a!2sArdemir%20End%C3%BCstriyel!5e0!3m2!1str!2str!4v1613131018006!5m2!1str!2str\" width=\"100%\" height=\"450\" frameborder=\"0\" style=\"border:0;\" allowfullscreen=\"\" aria-hidden=\"false\" tabindex=\"0\"><\/iframe>[\/et_pb_code][\/et_pb_column][\/et_pb_row][\/et_pb_section]<\/p>\n","protected":false},"excerpt":{"rendered":"<p>HACET MAH. ALA\u0130YE CAD. ERGENLER APT. NO:48\/AALANYAANTALYA07400T\u00dcRK\u0130YE Telefon: 0242 513 44 28 Mobil Telefon: 0530 930 50 03<\/p>\n","protected":false},"author":1,"featured_media":0,"parent":0,"menu_order":0,"comment_status":"closed","ping_status":"closed","template":"","meta":{"_et_pb_use_builder":"on","_et_pb_old_content":"<!-- wp:columns -->\n<div class=\"wp-block-columns\"><!-- wp:column {\"width\":\"33.33%\"} -->\n<div class=\"wp-block-column\" style=\"flex-basis:33.33%\"><!-- wp:paragraph {\"fontFamily\":\"Oswald\"} -->\n<p class=\"has-custom-font\" style=\"font-family:Oswald\"><br><strong>HACET MAH. ALA\u0130YE CAD. ERGENLER APT. NO:48\/A<br>ALANYA<br>ANTALYA<br>07400<br>T\u00dcRK\u0130YE<\/strong><\/p>\n<!-- \/wp:paragraph -->\n\n<!-- wp:paragraph {\"fontFamily\":\"Oswald\"} -->\n<p class=\"has-custom-font\" style=\"font-family:Oswald\"><br><strong>Telefon: <a data-type=\"tel\" data-id=\"tel:+90 242 513 44 28\" href=\"tel:+90 242 513 44 28\">0242 513 44 28<\/a><\/strong><\/p>\n<!-- \/wp:paragraph -->\n\n<!-- wp:paragraph {\"fontFamily\":\"Oswald\"} -->\n<p class=\"has-custom-font\" style=\"font-family:Oswald\">Mobil Telefon: <strong><a data-type=\"tel\" data-id=\"tel: +90530 930 50 03\" href=\"tel: +90530 930 50 03\">0530 930 50 03<\/a><\/strong><\/p>\n<!-- \/wp:paragraph -->\n\n<!-- wp:paragraph -->\n<p><\/p>\n<!-- \/wp:paragraph --><\/div>\n<!-- \/wp:column -->\n\n<!-- wp:column {\"width\":\"66.66%\"} -->\n<div class=\"wp-block-column\" style=\"flex-basis:66.66%\"><!-- wp:ninja-forms\/form {\"formID\":1,\"formTitle\":\"\u0130leti\u015fim\"} \/--><\/div>\n<!-- \/wp:column --><\/div>\n<!-- \/wp:columns -->","_et_gb_content_width":"","ngg_post_thumbnail":0},"yoast_head":"<!-- This site is optimized with the Yoast SEO plugin v19.9 - https:\/\/yoast.com\/wordpress\/plugins\/seo\/ -->\n<title>\u0130leti\u015fim - Ardemir End&uuml;striyel - ALANYA - End&uuml;striyel Mutfak<\/title>\n<meta name=\"robots\" content=\"index, follow, max-snippet:-1, max-image-preview:large, max-video-preview:-1\" \/>\n<link rel=\"canonical\" href=\"https:\/\/www.ardemirendustriyel.com.tr\/w\/iletisim\/\" \/>\n<meta property=\"og:locale\" content=\"tr_TR\" \/>\n<meta property=\"og:type\" content=\"article\" \/>\n<meta property=\"og:title\" content=\"\u0130leti\u015fim - Ardemir End&uuml;striyel - ALANYA - End&uuml;striyel Mutfak\" \/>\n<meta property=\"og:description\" content=\"HACET MAH. ALA\u0130YE CAD. ERGENLER APT. NO:48\/AALANYAANTALYA07400T\u00dcRK\u0130YE Telefon: 0242 513 44 28 Mobil Telefon: 0530 930 50 03\" \/>\n<meta property=\"og:url\" content=\"https:\/\/www.ardemirendustriyel.com.tr\/w\/iletisim\/\" \/>\n<meta property=\"og:site_name\" content=\"Ardemir End&uuml;striyel - ALANYA - End&uuml;striyel Mutfak\" \/>\n<meta property=\"article:publisher\" content=\"https:\/\/www.facebook.com\/ardemirendustriyel\" \/>\n<meta property=\"article:modified_time\" content=\"2022-01-02T20:53:14+00:00\" \/>\n<meta name=\"twitter:card\" content=\"summary_large_image\" \/>\n<meta name=\"twitter:site\" content=\"@ardemirendustriyel\" \/>\n<meta name=\"twitter:label1\" content=\"Tahmini okuma s\u00fcresi\" \/>\n\t<meta name=\"twitter:data1\" content=\"1 dakika\" \/>\n<script type=\"application\/ld+json\" class=\"yoast-schema-graph\">{\"@context\":\"https:\/\/schema.org\",\"@graph\":[{\"@type\":\"WebPage\",\"@id\":\"https:\/\/www.ardemirendustriyel.com.tr\/w\/iletisim\/\",\"url\":\"https:\/\/www.ardemirendustriyel.com.tr\/w\/iletisim\/\",\"name\":\"\u0130leti\u015fim - Ardemir End&uuml;striyel - ALANYA - End&uuml;striyel Mutfak\",\"isPartOf\":{\"@id\":\"https:\/\/www.ardemirendustriyel.com.tr\/w\/#website\"},\"datePublished\":\"2021-02-08T14:26:14+00:00\",\"dateModified\":\"2022-01-02T20:53:14+00:00\",\"breadcrumb\":{\"@id\":\"https:\/\/www.ardemirendustriyel.com.tr\/w\/iletisim\/#breadcrumb\"},\"inLanguage\":\"tr\",\"potentialAction\":[{\"@type\":\"ReadAction\",\"target\":[\"https:\/\/www.ardemirendustriyel.com.tr\/w\/iletisim\/\"]}]},{\"@type\":\"BreadcrumbList\",\"@id\":\"https:\/\/www.ardemirendustriyel.com.tr\/w\/iletisim\/#breadcrumb\",\"itemListElement\":[{\"@type\":\"ListItem\",\"position\":1,\"name\":\"Anasayfa\",\"item\":\"https:\/\/www.ardemirendustriyel.com.tr\/w\/\"},{\"@type\":\"ListItem\",\"position\":2,\"name\":\"\u0130leti\u015fim\"}]},{\"@type\":\"WebSite\",\"@id\":\"https:\/\/www.ardemirendustriyel.com.tr\/w\/#website\",\"url\":\"https:\/\/www.ardemirendustriyel.com.tr\/w\/\",\"name\":\"Ardemir End\u00fcstriyel - ALANYA - End\u00fcstriyel Mutfak\",\"description\":\"\",\"publisher\":{\"@id\":\"https:\/\/www.ardemirendustriyel.com.tr\/w\/#organization\"},\"potentialAction\":[{\"@type\":\"SearchAction\",\"target\":{\"@type\":\"EntryPoint\",\"urlTemplate\":\"https:\/\/www.ardemirendustriyel.com.tr\/w\/?s={search_term_string}\"},\"query-input\":\"required name=search_term_string\"}],\"inLanguage\":\"tr\"},{\"@type\":\"Organization\",\"@id\":\"https:\/\/www.ardemirendustriyel.com.tr\/w\/#organization\",\"name\":\"Ardemir End\u00fcstriyel\",\"url\":\"https:\/\/www.ardemirendustriyel.com.tr\/w\/\",\"logo\":{\"@type\":\"ImageObject\",\"inLanguage\":\"tr\",\"@id\":\"https:\/\/www.ardemirendustriyel.com.tr\/w\/#\/schema\/logo\/image\/\",\"url\":\"https:\/\/www.ardemirendustriyel.com.tr\/w\/wp-content\/uploads\/2021\/04\/cropped-logo_web-1.png\",\"contentUrl\":\"https:\/\/www.ardemirendustriyel.com.tr\/w\/wp-content\/uploads\/2021\/04\/cropped-logo_web-1.png\",\"width\":512,\"height\":512,\"caption\":\"Ardemir End\u00fcstriyel\"},\"image\":{\"@id\":\"https:\/\/www.ardemirendustriyel.com.tr\/w\/#\/schema\/logo\/image\/\"},\"sameAs\":[\"https:\/\/www.instagram.com\/ardemirendustriyel\",\"https:\/\/www.youtube.com\/channel\/UCNH0GFOUTogbvmkXhfHTjgA\",\"https:\/\/www.facebook.com\/ardemirendustriyel\",\"https:\/\/twitter.com\/ardemirendustriyel\"]}]}<\/script>\n<!-- \/ Yoast SEO plugin. -->","yoast_head_json":{"title":"\u0130leti\u015fim - Ardemir End&uuml;striyel - ALANYA - End&uuml;striyel Mutfak","robots":{"index":"index","follow":"follow","max-snippet":"max-snippet:-1","max-image-preview":"max-image-preview:large","max-video-preview":"max-video-preview:-1"},"canonical":"https:\/\/www.ardemirendustriyel.com.tr\/w\/iletisim\/","og_locale":"tr_TR","og_type":"article","og_title":"\u0130leti\u015fim - Ardemir End&uuml;striyel - ALANYA - End&uuml;striyel Mutfak","og_description":"HACET MAH. ALA\u0130YE CAD. ERGENLER APT. NO:48\/AALANYAANTALYA07400T\u00dcRK\u0130YE Telefon: 0242 513 44 28 Mobil Telefon: 0530 930 50 03","og_url":"https:\/\/www.ardemirendustriyel.com.tr\/w\/iletisim\/","og_site_name":"Ardemir End&uuml;striyel - ALANYA - End&uuml;striyel Mutfak","article_publisher":"https:\/\/www.facebook.com\/ardemirendustriyel","article_modified_time":"2022-01-02T20:53:14+00:00","twitter_card":"summary_large_image","twitter_site":"@ardemirendustriyel","twitter_misc":{"Tahmini okuma s\u00fcresi":"1 dakika"},"schema":{"@context":"https:\/\/schema.org","@graph":[{"@type":"WebPage","@id":"https:\/\/www.ardemirendustriyel.com.tr\/w\/iletisim\/","url":"https:\/\/www.ardemirendustriyel.com.tr\/w\/iletisim\/","name":"\u0130leti\u015fim - Ardemir End&uuml;striyel - ALANYA - End&uuml;striyel Mutfak","isPartOf":{"@id":"https:\/\/www.ardemirendustriyel.com.tr\/w\/#website"},"datePublished":"2021-02-08T14:26:14+00:00","dateModified":"2022-01-02T20:53:14+00:00","breadcrumb":{"@id":"https:\/\/www.ardemirendustriyel.com.tr\/w\/iletisim\/#breadcrumb"},"inLanguage":"tr","potentialAction":[{"@type":"ReadAction","target":["https:\/\/www.ardemirendustriyel.com.tr\/w\/iletisim\/"]}]},{"@type":"BreadcrumbList","@id":"https:\/\/www.ardemirendustriyel.com.tr\/w\/iletisim\/#breadcrumb","itemListElement":[{"@type":"ListItem","position":1,"name":"Anasayfa","item":"https:\/\/www.ardemirendustriyel.com.tr\/w\/"},{"@type":"ListItem","position":2,"name":"\u0130leti\u015fim"}]},{"@type":"WebSite","@id":"https:\/\/www.ardemirendustriyel.com.tr\/w\/#website","url":"https:\/\/www.ardemirendustriyel.com.tr\/w\/","name":"Ardemir End\u00fcstriyel - ALANYA - End\u00fcstriyel Mutfak","description":"","publisher":{"@id":"https:\/\/www.ardemirendustriyel.com.tr\/w\/#organization"},"potentialAction":[{"@type":"SearchAction","target":{"@type":"EntryPoint","urlTemplate":"https:\/\/www.ardemirendustriyel.com.tr\/w\/?s={search_term_string}"},"query-input":"required name=search_term_string"}],"inLanguage":"tr"},{"@type":"Organization","@id":"https:\/\/www.ardemirendustriyel.com.tr\/w\/#organization","name":"Ardemir End\u00fcstriyel","url":"https:\/\/www.ardemirendustriyel.com.tr\/w\/","logo":{"@type":"ImageObject","inLanguage":"tr","@id":"https:\/\/www.ardemirendustriyel.com.tr\/w\/#\/schema\/logo\/image\/","url":"https:\/\/www.ardemirendustriyel.com.tr\/w\/wp-content\/uploads\/2021\/04\/cropped-logo_web-1.png","contentUrl":"https:\/\/www.ardemirendustriyel.com.tr\/w\/wp-content\/uploads\/2021\/04\/cropped-logo_web-1.png","width":512,"height":512,"caption":"Ardemir End\u00fcstriyel"},"image":{"@id":"https:\/\/www.ardemirendustriyel.com.tr\/w\/#\/schema\/logo\/image\/"},"sameAs":["https:\/\/www.instagram.com\/ardemirendustriyel","https:\/\/www.youtube.com\/channel\/UCNH0GFOUTogbvmkXhfHTjgA","https:\/\/www.facebook.com\/ardemirendustriyel","https:\/\/twitter.com\/ardemirendustriyel"]}]}},"_links":{"self":[{"href":"https:\/\/www.ardemirendustriyel.com.tr\/w\/wp-json\/wp\/v2\/pages\/60"}],"collection":[{"href":"https:\/\/www.ardemirendustriyel.com.tr\/w\/wp-json\/wp\/v2\/pages"}],"about":[{"href":"https:\/\/www.ardemirendustriyel.com.tr\/w\/wp-json\/wp\/v2\/types\/page"}],"author":[{"embeddable":true,"href":"https:\/\/www.ardemirendustriyel.com.tr\/w\/wp-json\/wp\/v2\/users\/1"}],"replies":[{"embeddable":true,"href":"https:\/\/www.ardemirendustriyel.com.tr\/w\/wp-json\/wp\/v2\/comments?post=60"}],"version-history":[{"count":21,"href":"https:\/\/www.ardemirendustriyel.com.tr\/w\/wp-json\/wp\/v2\/pages\/60\/revisions"}],"predecessor-version":[{"id":4079,"href":"https:\/\/www.ardemirendustriyel.com.tr\/w\/wp-json\/wp\/v2\/pages\/60\/revisions\/4079"}],"wp:attachment":[{"href":"https:\/\/www.ardemirendustriyel.com.tr\/w\/wp-json\/wp\/v2\/media?parent=60"}],"curies":[{"name":"wp","href":"https:\/\/api.w.org\/{rel}","templated":true}]}}